{"id":1699,"date":"2024-02-20T19:38:01","date_gmt":"2024-02-20T19:38:01","guid":{"rendered":"https:\/\/panmaktravel.gr\/nutzungsbedingungen\/"},"modified":"2024-03-13T20:58:51","modified_gmt":"2024-03-13T20:58:51","slug":"nutzungsbedingungen","status":"publish","type":"page","link":"https:\/\/panmaktravel.gr\/de\/nutzungsbedingungen\/","title":{"rendered":"NUTZUNGSBEDINGUNGEN"},"content":{"rendered":"\t\t<div data-elementor-type=\"wp-page\" data-elementor-id=\"1699\" class=\"elementor elementor-1699 elementor-1228\" data-elementor-post-type=\"page\">\n\t\t\t\t<div class=\"elementor-element elementor-element-d170bc4 e-flex e-con-boxed e-con e-parent\" data-id=\"d170bc4\" data-element_type=\"container\" data-settings=\"{&quot;ekit_has_onepagescroll_dot&quot;:&quot;yes&quot;}\">\n\t\t\t\t\t<div class=\"e-con-inner\">\n\t\t\t\t<div class=\"elementor-element elementor-element-51427a8 elementor-widget elementor-widget-text-editor\" data-id=\"51427a8\" data-element_type=\"widget\" data-settings=\"{&quot;ekit_we_effect_on&quot;:&quot;none&quot;}\" data-widget_type=\"text-editor.default\">\n\t\t\t\t<div class=\"elementor-widget-container\">\n\t\t\t\t\t\t\t\t\t<p>Jeder Benutzer\/Besucher dieser Website muss die folgenden Nutzungsbedingungen vor dem Besuch oder der Nutzung der Website lesen und sorgf\u00e4ltig studieren und darf sie im Falle einer Meinungsverschiedenheit nicht verwenden. Ansonsten wird davon ausgegangen, dass er sie vollst\u00e4ndig, ausdr\u00fccklich und vorbehaltlos akzeptiert.<\/p>\n<p>Die nachfolgenden Nutzungsbedingungen gelten f\u00fcr den gesamten Inhalt der Website.<\/p>\n<p>Wir bem\u00fchen uns sicherzustellen, dass die auf unserer Website angezeigten Inhalte und Informationen so genau und wahrheitsgetreu wie m\u00f6glich sind. F\u00fcr deren Zuverl\u00e4ssigkeit, Vollst\u00e4ndigkeit und Aktualit\u00e4t \u00fcbernehmen wir jedoch keine Gew\u00e4hr.<\/p>\n<p>Der Benutzer\/Besucher der Website ist verpflichtet, die Gesetze, die guten Sitten und die vorliegenden Bedingungen einzuhalten und keine Handlungen oder Unterlassungen vorzunehmen, die den Betrieb oder den Inhalt der Website sch\u00e4digen oder geistige oder andere Rechte der Betreiber der Website verletzen k\u00f6nnten der Website oder Dritten.<\/p>\n<p><strong>1. Haftung bei Nichtbetrieb der Website<\/strong><\/p>\n<p>Die Administratoren der Website bem\u00fchen sich nach Kr\u00e4ften um deren ordnungsgem\u00e4\u00dfen Betrieb, garantieren jedoch nicht, dass der Betrieb oder der Betrieb der Server, auf denen sie gehostet wird, ununterbrochen oder fehlerfrei sowie frei von Viren oder \u00e4hnlichen Problemen verl\u00e4uft. Administratoren haften nicht f\u00fcr Sch\u00e4den jeglicher Art, die durch die Nutzung dieser Website entstehen k\u00f6nnen, einschlie\u00dflich, aber nicht beschr\u00e4nkt auf direkte, indirekte, zuf\u00e4llige, zuf\u00e4llige und Folgesch\u00e4den.<\/p>\n<p><strong>2. Geistiges Eigentum<\/strong><\/p>\n<p>Abgesehen von den ausdr\u00fccklich genannten Ausnahmen (Urheberrechte Dritter, Partner und Unternehmen) sind alle Inhalte der Website, einschlie\u00dflich aller Dateien dieser Website, geistiges Eigentum der Administratoren der Website und gem\u00e4\u00df den einschl\u00e4gigen Bestimmungen gesch\u00fctzt des griechischen Rechts, des europ\u00e4ischen Rechts und internationaler Konventionen.<\/p>\n<p>F\u00fcr jede Nutzung von Website-Inhalten m\u00fcssen Sie sich unter der E-Mail-Adresse an die Administratoren dieser Website wenden <strong>info@panmaktravel.gr<\/strong> um die notwendigen Genehmigungen einzuholen.<\/p>\n<p>Wir sind bestrebt, geistige Eigentumsrechte, aber auch allgemeine Rechte Dritter (z. B. deren Pers\u00f6nlichkeitsrechte, personenbezogene Daten etc.) nicht zu verletzen. Sollten Sie jedoch der Meinung sein, dass der Inhalt unserer Website eines Ihrer Rechte verletzt, teilen Sie uns dies bitte umgehend unter der E-Mail-Adresse mit <strong>info@panmaktravel.gr<\/strong> um das entsprechende Material zu entfernen.<\/p>\n<p><strong>3. Pers\u00f6nliche Daten<\/strong><\/p>\n<p>Die Verwendung personenbezogener Daten, die von den Administratoren der Website gesammelt werden und die Benutzer w\u00e4hrend ihres Besuchs freiwillig eingeben, unterliegt dem griechischen Recht und den Gesetzen der Europ\u00e4ischen Union zu personenbezogenen Daten. Ihre Erhebung erfolgt zum Zweck der Information der Nutzer\/Besucher der Website und daher wird bei der elektronischen \u00dcbermittlung ihrer Daten von deren Einwilligung zu den entsprechenden Informationen ausgegangen. Nutzer\/Besucher k\u00f6nnen ihre Einwilligung jederzeit durch eine schriftliche Mitteilung an uns widerrufen und jederzeit auf ihre Daten zugreifen, indem sie uns eine schriftliche Mitteilung an die E-Mail-Adresse senden <strong>info@panmaktravel.gr.<\/strong><\/p>\n<p>Benutzer\/Mitglieder k\u00f6nnen gem\u00e4\u00df N. 2472\/97 jederzeit das Recht, seine pers\u00f6nlichen Daten zu l\u00f6schen, seine pers\u00f6nlichen Daten zu korrigieren und\/oder zu aktualisieren und\/oder seine Registrierung zu deaktivieren, indem er eine schriftliche Nachricht an die E-Mail-Adresse sendet <strong>info@panmaktravel.gr.<\/strong><\/p>\n<p><strong>4. Hyperlinks zu Websites Dritter<\/strong><\/p>\n<p>Die Website enth\u00e4lt Hyperlinks zu anderen Websites. Diese werden nicht von den Administratoren dieser Website, sondern von Dritten (nat\u00fcrlichen oder juristischen Personen) kontrolliert. Unter keinen Umst\u00e4nden sind die Administratoren unserer Website f\u00fcr die Nutzungsbedingungen oder f\u00fcr Sch\u00e4den im Zusammenhang mit der Nutzung von Websites Dritter verantwortlich.<\/p>\n\t\t\t\t\t\t\t\t<\/div>\n\t\t\t\t<\/div>\n\t\t\t\t\t<\/div>\n\t\t\t\t<\/div>\n\t\t\t\t<\/div>\n\t\t","protected":false},"excerpt":{"rendered":"<p>Jeder Benutzer\/Besucher dieser Website muss die folgenden Nutzungsbedingungen vor dem Besuch oder der Nutzung der Website lesen und sorgf\u00e4ltig studieren [&hellip;]<\/p>\n","protected":false},"author":1,"featured_media":0,"parent":0,"menu_order":0,"comment_status":"closed","ping_status":"closed","template":"","meta":{"site-sidebar-layout":"no-sidebar","site-content-layout":"","ast-site-content-layout":"full-width-container","site-content-style":"default","site-sidebar-style":"default","ast-global-header-display":"","ast-banner-title-visibility":"","ast-main-header-display":"","ast-hfb-above-header-display":"","ast-hfb-below-header-display":"","ast-hfb-mobile-header-display":"","site-post-title":"disabled","ast-breadcrumbs-content":"","ast-featured-img":"disabled","footer-sml-layout":"","theme-transparent-header-meta":"default","adv-header-id-meta":"","stick-header-meta":"","header-above-stick-meta":"","header-main-stick-meta":"","header-below-stick-meta":"","astra-migrate-meta-layouts":"default","ast-page-background-enabled":"default","ast-page-background-meta":{"desktop":{"background-color":"var(--ast-global-color-4)","background-image":"","background-repeat":"repeat","background-position":"center center","background-size":"auto","background-attachment":"scroll","background-type":"","background-media":"","overlay-type":"","overlay-color":"","overlay-gradient":""},"tablet":{"background-color":"","background-image":"","background-repeat":"repeat","background-position":"center center","background-size":"auto","background-attachment":"scroll","background-type":"","background-media":"","overlay-type":"","overlay-color":"","overlay-gradient":""},"mobile":{"background-color":"","background-image":"","background-repeat":"repeat","background-position":"center center","background-size":"auto","background-attachment":"scroll","background-type":"","background-media":"","overlay-type":"","overlay-color":"","overlay-gradient":""}},"ast-content-background-meta":{"desktop":{"background-color":"var(--ast-global-color-5)","background-image":"","background-repeat":"repeat","background-position":"center center","background-size":"auto","background-attachment":"scroll","background-type":"","background-media":"","overlay-type":"","overlay-color":"","overlay-gradient":""},"tablet":{"background-color":"var(--ast-global-color-5)","background-image":"","background-repeat":"repeat","background-position":"center center","background-size":"auto","background-attachment":"scroll","background-type":"","background-media":"","overlay-type":"","overlay-color":"","overlay-gradient":""},"mobile":{"background-color":"var(--ast-global-color-5)","background-image":"","background-repeat":"repeat","background-position":"center center","background-size":"auto","background-attachment":"scroll","background-type":"","background-media":"","overlay-type":"","overlay-color":"","overlay-gradient":""}},"footnotes":""},"class_list":["post-1699","page","type-page","status-publish","hentry"],"_links":{"self":[{"href":"https:\/\/panmaktravel.gr\/de\/wp-json\/wp\/v2\/pages\/1699","targetHints":{"allow":["GET"]}}],"collection":[{"href":"https:\/\/panmaktravel.gr\/de\/wp-json\/wp\/v2\/pages"}],"about":[{"href":"https:\/\/panmaktravel.gr\/de\/wp-json\/wp\/v2\/types\/page"}],"author":[{"embeddable":true,"href":"https:\/\/panmaktravel.gr\/de\/wp-json\/wp\/v2\/users\/1"}],"replies":[{"embeddable":true,"href":"https:\/\/panmaktravel.gr\/de\/wp-json\/wp\/v2\/comments?post=1699"}],"version-history":[{"count":1,"href":"https:\/\/panmaktravel.gr\/de\/wp-json\/wp\/v2\/pages\/1699\/revisions"}],"predecessor-version":[{"id":1700,"href":"https:\/\/panmaktravel.gr\/de\/wp-json\/wp\/v2\/pages\/1699\/revisions\/1700"}],"wp:attachment":[{"href":"https:\/\/panmaktravel.gr\/de\/wp-json\/wp\/v2\/media?parent=1699"}],"curies":[{"name":"wp","href":"https:\/\/api.w.org\/{rel}","templated":true}]}}