{"id":1701,"date":"2024-02-20T19:45:02","date_gmt":"2024-02-20T19:45:02","guid":{"rendered":"https:\/\/panmaktravel.gr\/cookies-richtlinie\/"},"modified":"2024-03-13T21:04:42","modified_gmt":"2024-03-13T21:04:42","slug":"cookies-richtlinie","status":"publish","type":"page","link":"https:\/\/panmaktravel.gr\/de\/cookies-richtlinie\/","title":{"rendered":"COOKIES-RICHTLINIE"},"content":{"rendered":"\t\t<div data-elementor-type=\"wp-page\" data-elementor-id=\"1701\" class=\"elementor elementor-1701 elementor-1247\" data-elementor-post-type=\"page\">\n\t\t\t\t<div class=\"elementor-element elementor-element-5945bf48 e-flex e-con-boxed e-con e-parent\" data-id=\"5945bf48\" data-element_type=\"container\" data-settings=\"{&quot;ekit_has_onepagescroll_dot&quot;:&quot;yes&quot;}\">\n\t\t\t\t\t<div class=\"e-con-inner\">\n\t\t\t\t<div class=\"elementor-element elementor-element-34b9adff elementor-widget elementor-widget-text-editor\" data-id=\"34b9adff\" data-element_type=\"widget\" data-settings=\"{&quot;ekit_we_effect_on&quot;:&quot;none&quot;}\" data-widget_type=\"text-editor.default\">\n\t\t\t\t<div class=\"elementor-widget-container\">\n\t\t\t\t\t\t\t\t\t<p style=\"text-align: justify;\"><span style=\"font-size: 12pt;\">Ihr Besuch auf unserer Website kann aufgezeichnet werden, um die Anzahl der Besucher auf der Seite zu analysieren und f\u00fcr allgemeine Zwecke zu nutzen. Einige dieser Informationen werden durch Cookies erfasst. Hierbei handelt es sich um kleine Informationen, die automatisch auf dem Webserver auf seinem Computer gespeichert werden und von dieser Website aus abgerufen werden k\u00f6nnen. Wenn Sie diese Cookies deaktivieren m\u00f6chten, k\u00f6nnen Sie dies tun, indem Sie die Einstellungen des von Ihnen verwendeten Browsers \u00e4ndern. Wenn Sie Cookies deaktivieren m\u00f6chten, k\u00f6nnen Sie dies tun, indem Sie die Einstellungen des von Ihnen verwendeten Browsers \u00e4ndern.<\/span><\/p>\n<p style=\"text-align: justify;\"><span style=\"font-size: 12pt;\">Wenn Sie sich auf der Website anmelden, erstellen wir ein tempor\u00e4res Cookie, um festzustellen, ob der Browser Cookies akzeptiert. Das Cookie enth\u00e4lt keine personenbezogenen Daten und wird gel\u00f6scht, wenn Sie Ihren Browser schlie\u00dfen.<\/span><\/p>\n<p style=\"text-align: justify;\"><span style=\"font-size: 12pt;\">Wenn Sie sich anmelden, erstellen wir au\u00dferdem verschiedene Cookies, um Ihre Anmeldeinformationen und Bildschirmeinstellungen zu speichern. Anmelde-Cookies sind zwei Tage lang g\u00fcltig und Cookies f\u00fcr Bildschirmeinstellungen sind ein Jahr lang g\u00fcltig.<\/span><\/p>\n<p style=\"text-align: justify;\"><span style=\"font-size: 12pt;\">Wenn Sie einen Artikel bearbeiten, wird ein zus\u00e4tzlicher Cookie im Browser gespeichert. Dieses Cookie enth\u00e4lt keine personenbezogenen Daten und gibt lediglich die ID der Seite an, die Sie gerade bearbeitet haben. L\u00e4uft nach 1 Tag ab.<\/span><\/p>\n<h3 style=\"text-align: justify;\"> <strong style=\"font-size: 12pt; font-style: inherit; color: #000000; font-family: var( --e-global-typography-text-font-family ), Sans-serif; background-color: var(--ast-global-color-5);\">Cookies deaktivieren<\/strong><\/h3>\n<p style=\"text-align: justify;\"><span style=\"font-size: 12pt;\">Sie k\u00f6nnen Cookies deaktivieren, indem Sie Ihre Browsereinstellungen so anpassen, dass keine Cookies mehr akzeptiert werden. M\u00f6glicherweise k\u00f6nnen Sie jedoch nicht auf bestimmte Teile unserer Website oder anderer Websites zugreifen, da Cookies auf allen Websites h\u00e4ufig verwendet werden.<\/span><\/p>\n<p style=\"text-align: justify;\"><span style=\"font-size: 12pt;\">Unsere Website verwendet alle grundlegenden Cookies, die alle Websites verwenden.<\/span><br \/><span style=\"font-size: 12pt;\">Im Einzelnen (au\u00dfer grundlegende):<\/span><\/p>\n<ul style=\"text-align: justify;\">\n<li><span style=\"font-size: 12pt;\">Google Analytics<\/span><\/li>\n<\/ul>\n<p style=\"text-align: justify;\"><span style=\"font-size: 12pt;\">Um \u00c4nderungen an Ihren Cookies vorzunehmen, w\u00e4hlen Sie Ihren Browser aus und Sie werden zu einem Link mit Anweisungen weitergeleitet:<\/span><\/p>\n<p style=\"text-align: justify;\"><span style=\"color: #00ccff; font-size: 12pt;\"><a style=\"color: #00ccff;\" href=\"https:\/\/support.google.com\/chrome\/answer\/95647\">Chrome<\/a> , <a style=\"color: #00ccff;\" href=\"https:\/\/support.mozilla.org\/en-US\/kb\/enable-and-disable-cookies-website-preferences?redirectlocale=en-US&amp;redirectslug=Enabling+and+disabling+cookies\">Firefox<\/a> , <a style=\"color: #00ccff;\" href=\"https:\/\/support.apple.com\/en-gb\/guide\/safari\/manage-cookies-and-website-data-sfri11471\/mac\">Safari<\/a><\/span><\/p>\n\t\t\t\t\t\t\t\t<\/div>\n\t\t\t\t<\/div>\n\t\t\t\t\t<\/div>\n\t\t\t\t<\/div>\n\t\t\t\t<\/div>\n\t\t","protected":false},"excerpt":{"rendered":"<p>Ihr Besuch auf unserer Website kann aufgezeichnet werden, um die Anzahl der Besucher auf der Seite zu analysieren und f\u00fcr [&hellip;]<\/p>\n","protected":false},"author":1,"featured_media":0,"parent":0,"menu_order":0,"comment_status":"closed","ping_status":"closed","template":"","meta":{"site-sidebar-layout":"no-sidebar","site-content-layout":"","ast-site-content-layout":"full-width-container","site-content-style":"default","site-sidebar-style":"default","ast-global-header-display":"","ast-banner-title-visibility":"","ast-main-header-display":"","ast-hfb-above-header-display":"","ast-hfb-below-header-display":"","ast-hfb-mobile-header-display":"","site-post-title":"disabled","ast-breadcrumbs-content":"","ast-featured-img":"disabled","footer-sml-layout":"","theme-transparent-header-meta":"default","adv-header-id-meta":"","stick-header-meta":"","header-above-stick-meta":"","header-main-stick-meta":"","header-below-stick-meta":"","astra-migrate-meta-layouts":"default","ast-page-background-enabled":"default","ast-page-background-meta":{"desktop":{"background-color":"var(--ast-global-color-4)","background-image":"","background-repeat":"repeat","background-position":"center center","background-size":"auto","background-attachment":"scroll","background-type":"","background-media":"","overlay-type":"","overlay-color":"","overlay-gradient":""},"tablet":{"background-color":"","background-image":"","background-repeat":"repeat","background-position":"center center","background-size":"auto","background-attachment":"scroll","background-type":"","background-media":"","overlay-type":"","overlay-color":"","overlay-gradient":""},"mobile":{"background-color":"","background-image":"","background-repeat":"repeat","background-position":"center center","background-size":"auto","background-attachment":"scroll","background-type":"","background-media":"","overlay-type":"","overlay-color":"","overlay-gradient":""}},"ast-content-background-meta":{"desktop":{"background-color":"var(--ast-global-color-5)","background-image":"","background-repeat":"repeat","background-position":"center center","background-size":"auto","background-attachment":"scroll","background-type":"","background-media":"","overlay-type":"","overlay-color":"","overlay-gradient":""},"tablet":{"background-color":"var(--ast-global-color-5)","background-image":"","background-repeat":"repeat","background-position":"center center","background-size":"auto","background-attachment":"scroll","background-type":"","background-media":"","overlay-type":"","overlay-color":"","overlay-gradient":""},"mobile":{"background-color":"var(--ast-global-color-5)","background-image":"","background-repeat":"repeat","background-position":"center center","background-size":"auto","background-attachment":"scroll","background-type":"","background-media":"","overlay-type":"","overlay-color":"","overlay-gradient":""}},"footnotes":""},"class_list":["post-1701","page","type-page","status-publish","hentry"],"_links":{"self":[{"href":"https:\/\/panmaktravel.gr\/de\/wp-json\/wp\/v2\/pages\/1701","targetHints":{"allow":["GET"]}}],"collection":[{"href":"https:\/\/panmaktravel.gr\/de\/wp-json\/wp\/v2\/pages"}],"about":[{"href":"https:\/\/panmaktravel.gr\/de\/wp-json\/wp\/v2\/types\/page"}],"author":[{"embeddable":true,"href":"https:\/\/panmaktravel.gr\/de\/wp-json\/wp\/v2\/users\/1"}],"replies":[{"embeddable":true,"href":"https:\/\/panmaktravel.gr\/de\/wp-json\/wp\/v2\/comments?post=1701"}],"version-history":[{"count":2,"href":"https:\/\/panmaktravel.gr\/de\/wp-json\/wp\/v2\/pages\/1701\/revisions"}],"predecessor-version":[{"id":1703,"href":"https:\/\/panmaktravel.gr\/de\/wp-json\/wp\/v2\/pages\/1701\/revisions\/1703"}],"wp:attachment":[{"href":"https:\/\/panmaktravel.gr\/de\/wp-json\/wp\/v2\/media?parent=1701"}],"curies":[{"name":"wp","href":"https:\/\/api.w.org\/{rel}","templated":true}]}}