{"id":1704,"date":"2024-02-20T19:42:03","date_gmt":"2024-02-20T19:42:03","guid":{"rendered":"https:\/\/panmaktravel.gr\/privatsphaere\/"},"modified":"2024-03-13T21:12:49","modified_gmt":"2024-03-13T21:12:49","slug":"privatsphaere","status":"publish","type":"page","link":"https:\/\/panmaktravel.gr\/de\/privatsphaere\/","title":{"rendered":"PRIVATSPH\u00c4RE"},"content":{"rendered":"\t\t<div data-elementor-type=\"wp-page\" data-elementor-id=\"1704\" class=\"elementor elementor-1704 elementor-1238\" data-elementor-post-type=\"page\">\n\t\t\t\t<div class=\"elementor-element elementor-element-7205537 e-flex e-con-boxed e-con e-parent\" data-id=\"7205537\" data-element_type=\"container\" data-settings=\"{&quot;ekit_has_onepagescroll_dot&quot;:&quot;yes&quot;}\">\n\t\t\t\t\t<div class=\"e-con-inner\">\n\t\t\t\t<div class=\"elementor-element elementor-element-3d277fbd elementor-widget elementor-widget-text-editor\" data-id=\"3d277fbd\" data-element_type=\"widget\" data-settings=\"{&quot;ekit_we_effect_on&quot;:&quot;none&quot;}\" data-widget_type=\"text-editor.default\">\n\t\t\t\t<div class=\"elementor-widget-container\">\n\t\t\t\t\t\t\t\t\t<p>Jede nat\u00fcrliche Person kann als Subjekt personenbezogener Daten jederzeit ihre Rechte gem\u00e4\u00df der DSGVO (und insbesondere den Artikeln 12 bis 23) und den nationalen Rechtsvorschriften aus\u00fcben, insbesondere das Recht auf Information und Zugriff auf ihre personenbezogenen Daten Daten, das Recht auf Einschr\u00e4nkung der Verarbeitung seiner Daten, das Recht auf Aktualisierung und Berichtigung, das Recht auf L\u00f6schung eines Teils oder aller seiner von uns verarbeiteten personenbezogenen Daten (Recht auf Vergessenwerden) und das Recht auf Widerspruch, d. h. auf die Erhebung von Einw\u00e4nden dagegen die Verarbeitung seiner personenbezogenen Daten.<\/p>\n<p>Die oben genannten Rechte sowie der Widerruf der Einwilligung k\u00f6nnen von jedem Betroffenen ausge\u00fcbt werden, indem er einen entsprechenden Antrag an die E-Mail-Adresse stellt <strong>info@panmaktravel.gr<\/strong>Im Falle der Aus\u00fcbung eines der oben genannten Rechte werden wir alle m\u00f6glichen Ma\u00dfnahmen ergreifen, um dem entsprechenden Antrag innerhalb von (1) einem Monat ab dem Datum seiner g\u00fcltigen Einreichung nachzukommen. Wenn wir mehr Zeit ben\u00f6tigen, werden wir Sie entsprechend benachrichtigen . Es wird klargestellt, dass Ihre Identifizierung erforderlich sein kann, damit die Aus\u00fcbung der oben genannten Rechte als g\u00fcltig angesehen werden kann, um sicherzustellen, dass die personenbezogenen Daten, f\u00fcr die eine der oben genannten Ma\u00dfnahmen beantragt wird, tats\u00e4chlich der nat\u00fcrlichen Person geh\u00f6ren, die die Aus\u00fcbung aus\u00fcbt das konkrete Recht.<\/p>\n<p>Es wurden geeignete technische und organisatorische Ma\u00dfnahmen getroffen, um Ihre Daten vor unbefugtem Zugriff, Missbrauch, Verlust oder Ver\u00e4nderung zu sch\u00fctzen. Eine dar\u00fcber hinausgehende Nutzung Ihrer personenbezogenen Daten zu anderen als den in dieser Datenschutzerkl\u00e4rung genannten Zwecken oder eine \u00dcbermittlung an Dritte erfolgt ohne Ihre vorherige Information und ggf. Ihrer ausdr\u00fccklichen Einwilligung.<\/p>\n<p>F\u00fcr weitere Informationen zu Ihren personenbezogenen Daten sowie deren Verarbeitung und Schutz k\u00f6nnen Sie sich an unser Unternehmen wenden. Wenn Sie der Meinung sind, dass Sie mit unserer Antwort oder der Art und Weise, wie wir Ihre Daten verwalten, nicht zufrieden sind, haben Sie das Recht, sich an die zust\u00e4ndige Aufsichtsbeh\u00f6rde zu wenden Beh\u00f6rde (Beh\u00f6rde zum Schutz personenbezogener Daten, <strong><a href=\"http:\/\/www.dpa.gr\">www.dpa.gr<\/a><\/strong>, Kifisias 1-3, P.O. 115 23, Athen, email: <strong><a href=\"mailto:complaints@dpa.gr\">complaints@dpa.gr<\/a><\/strong>).<\/p>\n\t\t\t\t\t\t\t\t<\/div>\n\t\t\t\t<\/div>\n\t\t\t\t\t<\/div>\n\t\t\t\t<\/div>\n\t\t\t\t<\/div>\n\t\t","protected":false},"excerpt":{"rendered":"<p>Jede nat\u00fcrliche Person kann als Subjekt personenbezogener Daten jederzeit ihre Rechte gem\u00e4\u00df der DSGVO (und insbesondere den Artikeln 12 bis [&hellip;]<\/p>\n","protected":false},"author":1,"featured_media":0,"parent":0,"menu_order":0,"comment_status":"closed","ping_status":"closed","template":"","meta":{"site-sidebar-layout":"no-sidebar","site-content-layout":"","ast-site-content-layout":"full-width-container","site-content-style":"default","site-sidebar-style":"default","ast-global-header-display":"","ast-banner-title-visibility":"","ast-main-header-display":"","ast-hfb-above-header-display":"","ast-hfb-below-header-display":"","ast-hfb-mobile-header-display":"","site-post-title":"disabled","ast-breadcrumbs-content":"","ast-featured-img":"disabled","footer-sml-layout":"","theme-transparent-header-meta":"default","adv-header-id-meta":"","stick-header-meta":"","header-above-stick-meta":"","header-main-stick-meta":"","header-below-stick-meta":"","astra-migrate-meta-layouts":"default","ast-page-background-enabled":"default","ast-page-background-meta":{"desktop":{"background-color":"var(--ast-global-color-4)","background-image":"","background-repeat":"repeat","background-position":"center center","background-size":"auto","background-attachment":"scroll","background-type":"","background-media":"","overlay-type":"","overlay-color":"","overlay-gradient":""},"tablet":{"background-color":"","background-image":"","background-repeat":"repeat","background-position":"center center","background-size":"auto","background-attachment":"scroll","background-type":"","background-media":"","overlay-type":"","overlay-color":"","overlay-gradient":""},"mobile":{"background-color":"","background-image":"","background-repeat":"repeat","background-position":"center center","background-size":"auto","background-attachment":"scroll","background-type":"","background-media":"","overlay-type":"","overlay-color":"","overlay-gradient":""}},"ast-content-background-meta":{"desktop":{"background-color":"var(--ast-global-color-5)","background-image":"","background-repeat":"repeat","background-position":"center center","background-size":"auto","background-attachment":"scroll","background-type":"","background-media":"","overlay-type":"","overlay-color":"","overlay-gradient":""},"tablet":{"background-color":"var(--ast-global-color-5)","background-image":"","background-repeat":"repeat","background-position":"center center","background-size":"auto","background-attachment":"scroll","background-type":"","background-media":"","overlay-type":"","overlay-color":"","overlay-gradient":""},"mobile":{"background-color":"var(--ast-global-color-5)","background-image":"","background-repeat":"repeat","background-position":"center center","background-size":"auto","background-attachment":"scroll","background-type":"","background-media":"","overlay-type":"","overlay-color":"","overlay-gradient":""}},"footnotes":""},"class_list":["post-1704","page","type-page","status-publish","hentry"],"_links":{"self":[{"href":"https:\/\/panmaktravel.gr\/de\/wp-json\/wp\/v2\/pages\/1704","targetHints":{"allow":["GET"]}}],"collection":[{"href":"https:\/\/panmaktravel.gr\/de\/wp-json\/wp\/v2\/pages"}],"about":[{"href":"https:\/\/panmaktravel.gr\/de\/wp-json\/wp\/v2\/types\/page"}],"author":[{"embeddable":true,"href":"https:\/\/panmaktravel.gr\/de\/wp-json\/wp\/v2\/users\/1"}],"replies":[{"embeddable":true,"href":"https:\/\/panmaktravel.gr\/de\/wp-json\/wp\/v2\/comments?post=1704"}],"version-history":[{"count":2,"href":"https:\/\/panmaktravel.gr\/de\/wp-json\/wp\/v2\/pages\/1704\/revisions"}],"predecessor-version":[{"id":1706,"href":"https:\/\/panmaktravel.gr\/de\/wp-json\/wp\/v2\/pages\/1704\/revisions\/1706"}],"wp:attachment":[{"href":"https:\/\/panmaktravel.gr\/de\/wp-json\/wp\/v2\/media?parent=1704"}],"curies":[{"name":"wp","href":"https:\/\/api.w.org\/{rel}","templated":true}]}}