{"id":1724,"date":"2024-01-23T23:40:41","date_gmt":"2024-01-23T23:40:41","guid":{"rendered":"https:\/\/panmaktravel.gr\/ausfluege\/"},"modified":"2024-03-29T23:18:28","modified_gmt":"2024-03-29T23:18:28","slug":"ausfluege","status":"publish","type":"page","link":"https:\/\/panmaktravel.gr\/de\/ausfluege\/","title":{"rendered":"EXKURSIONEN"},"content":{"rendered":"\t\t<div data-elementor-type=\"wp-page\" data-elementor-id=\"1724\" class=\"elementor elementor-1724 elementor-179\" data-elementor-post-type=\"page\">\n\t\t\t\t\t\t<section class=\"elementor-section elementor-top-section elementor-element elementor-element-211928d1 elementor-section-height-min-height elementor-section-boxed elementor-section-height-default elementor-section-items-middle\" data-id=\"211928d1\" data-element_type=\"section\" data-settings=\"{&quot;background_background&quot;:&quot;classic&quot;,&quot;ekit_has_onepagescroll_dot&quot;:&quot;yes&quot;}\">\n\t\t\t\t\t\t\t<div class=\"elementor-background-overlay\"><\/div>\n\t\t\t\t\t\t\t<div class=\"elementor-container elementor-column-gap-default\">\n\t\t\t\t\t<div class=\"elementor-column elementor-col-100 elementor-top-column elementor-element elementor-element-72063ce\" data-id=\"72063ce\" data-element_type=\"column\">\n\t\t\t<div class=\"elementor-widget-wrap elementor-element-populated\">\n\t\t\t\t\t\t<div class=\"elementor-element elementor-element-5008efe1 elementor-widget elementor-widget-elementskit-heading\" data-id=\"5008efe1\" data-element_type=\"widget\" data-settings=\"{&quot;ekit_we_effect_on&quot;:&quot;none&quot;}\" data-widget_type=\"elementskit-heading.default\">\n\t\t\t\t<div class=\"elementor-widget-container\">\n\t\t\t\t\t<div class=\"ekit-wid-con\" ><div class=\"ekit-heading elementskit-section-title-wraper text_center   ekit_heading_tablet-   ekit_heading_mobile-\"><h2 class=\"ekit-heading--title elementskit-section-title \">EXKURSIONEN<\/h2><\/div><\/div>\t\t\t\t<\/div>\n\t\t\t\t<\/div>\n\t\t\t\t\t<\/div>\n\t\t<\/div>\n\t\t\t\t\t<\/div>\n\t\t<\/section>\n\t\t<div class=\"elementor-element elementor-element-6b70aac e-flex e-con-boxed e-con e-parent\" data-id=\"6b70aac\" data-element_type=\"container\" data-settings=\"{&quot;ekit_has_onepagescroll_dot&quot;:&quot;yes&quot;}\">\n\t\t\t\t\t<div class=\"e-con-inner\">\n\t\t\t\t<div class=\"elementor-element elementor-element-ffae868 elementor-grid-3 elementor-grid-tablet-2 elementor-grid-mobile-1 elementor-posts--thumbnail-top elementor-card-shadow-yes elementor-posts__hover-gradient elementor-widget elementor-widget-posts\" data-id=\"ffae868\" data-element_type=\"widget\" data-settings=\"{&quot;cards_row_gap&quot;:{&quot;unit&quot;:&quot;px&quot;,&quot;size&quot;:33,&quot;sizes&quot;:[]},&quot;cards_columns&quot;:&quot;3&quot;,&quot;cards_columns_tablet&quot;:&quot;2&quot;,&quot;cards_columns_mobile&quot;:&quot;1&quot;,&quot;cards_row_gap_tablet&quot;:{&quot;unit&quot;:&quot;px&quot;,&quot;size&quot;:&quot;&quot;,&quot;sizes&quot;:[]},&quot;cards_row_gap_mobile&quot;:{&quot;unit&quot;:&quot;px&quot;,&quot;size&quot;:&quot;&quot;,&quot;sizes&quot;:[]},&quot;ekit_we_effect_on&quot;:&quot;none&quot;}\" data-widget_type=\"posts.cards\">\n\t\t\t\t<div class=\"elementor-widget-container\">\n\t\t\t\t\t\t\t<div class=\"elementor-posts-container elementor-posts elementor-posts--skin-cards elementor-grid\">\n\t\t\t\t<article class=\"elementor-post elementor-grid-item post-1728 post type-post status-publish format-standard has-post-thumbnail hentry category-unkategorisiert\">\n\t\t\t<div class=\"elementor-post__card\">\n\t\t\t\t<a class=\"elementor-post__thumbnail__link\" href=\"https:\/\/panmaktravel.gr\/de\/exkursion-zum-antiken-olympia\/\" tabindex=\"-1\" ><div class=\"elementor-post__thumbnail\"><img fetchpriority=\"high\" decoding=\"async\" width=\"800\" height=\"600\" src=\"https:\/\/panmaktravel.gr\/wp-content\/uploads\/2024\/01\/olumpia.jpg\" class=\"attachment-1536x1536 size-1536x1536 wp-image-1730\" alt=\"\" srcset=\"https:\/\/panmaktravel.gr\/wp-content\/uploads\/2024\/01\/olumpia.jpg 800w, https:\/\/panmaktravel.gr\/wp-content\/uploads\/2024\/01\/olumpia-300x225.jpg 300w, https:\/\/panmaktravel.gr\/wp-content\/uploads\/2024\/01\/olumpia-768x576.jpg 768w\" sizes=\"(max-width: 800px) 100vw, 800px\" \/><\/div><\/a>\n\t\t\t\t<div class=\"elementor-post__text\">\n\t\t\t\t<h3 class=\"elementor-post__title\">\n\t\t\t<a href=\"https:\/\/panmaktravel.gr\/de\/exkursion-zum-antiken-olympia\/\" >\n\t\t\t\tExkursion zum antiken Olympia\t\t\t<\/a>\n\t\t<\/h3>\n\t\t\t\t<div class=\"elementor-post__excerpt\">\n\t\t\t<p>Besuch der arch\u00e4ologischen St\u00e4tte des antiken Olympia, die von der UNSECO zum Weltkulturerbe erkl\u00e4rt wurde. In der Wiege des Weltsports und des Friedens, wo die<\/p>\n\t\t<\/div>\n\t\t\t\t\t<div class=\"elementor-post__read-more-wrapper\">\n\t\t\n\t\t<a class=\"elementor-post__read-more\" href=\"https:\/\/panmaktravel.gr\/de\/exkursion-zum-antiken-olympia\/\" aria-label=\"Read more about Exkursion zum antiken Olympia\" tabindex=\"-1\" >\n\t\t\tmehr lesen \u00bb\t\t<\/a>\n\n\t\t\t\t\t<\/div>\n\t\t\t\t<\/div>\n\t\t\t\t\t<\/div>\n\t\t<\/article>\n\t\t\t\t<article class=\"elementor-post elementor-grid-item post-1732 post type-post status-publish format-standard has-post-thumbnail hentry category-unkategorisiert\">\n\t\t\t<div class=\"elementor-post__card\">\n\t\t\t\t<a class=\"elementor-post__thumbnail__link\" href=\"https:\/\/panmaktravel.gr\/de\/exkursion-nach-nafplio\/\" tabindex=\"-1\" ><div class=\"elementor-post__thumbnail\"><img decoding=\"async\" width=\"800\" height=\"600\" src=\"https:\/\/panmaktravel.gr\/wp-content\/uploads\/2024\/01\/nauplio.jpg\" class=\"attachment-1536x1536 size-1536x1536 wp-image-1733\" alt=\"\" srcset=\"https:\/\/panmaktravel.gr\/wp-content\/uploads\/2024\/01\/nauplio.jpg 800w, https:\/\/panmaktravel.gr\/wp-content\/uploads\/2024\/01\/nauplio-300x225.jpg 300w, https:\/\/panmaktravel.gr\/wp-content\/uploads\/2024\/01\/nauplio-768x576.jpg 768w\" sizes=\"(max-width: 800px) 100vw, 800px\" \/><\/div><\/a>\n\t\t\t\t<div class=\"elementor-post__text\">\n\t\t\t\t<h3 class=\"elementor-post__title\">\n\t\t\t<a href=\"https:\/\/panmaktravel.gr\/de\/exkursion-nach-nafplio\/\" >\n\t\t\t\tExkursion nach Nafplio\t\t\t<\/a>\n\t\t<\/h3>\n\t\t\t\t<div class=\"elementor-post__excerpt\">\n\t\t\t<p>Die Hauptstadt des griechischen Staates von 1827 bis 1834 ist zu jeder Jahreszeit ein Anziehungspunkt f\u00fcr Tausende von Besuchern. Der Ausflug beinhaltet einen Besuch des<\/p>\n\t\t<\/div>\n\t\t\t\t\t<div class=\"elementor-post__read-more-wrapper\">\n\t\t\n\t\t<a class=\"elementor-post__read-more\" href=\"https:\/\/panmaktravel.gr\/de\/exkursion-nach-nafplio\/\" aria-label=\"Read more about Exkursion nach Nafplio\" tabindex=\"-1\" >\n\t\t\tmehr lesen \u00bb\t\t<\/a>\n\n\t\t\t\t\t<\/div>\n\t\t\t\t<\/div>\n\t\t\t\t\t<\/div>\n\t\t<\/article>\n\t\t\t\t<article class=\"elementor-post elementor-grid-item post-1734 post type-post status-publish format-standard has-post-thumbnail hentry category-unkategorisiert\">\n\t\t\t<div class=\"elementor-post__card\">\n\t\t\t\t<a class=\"elementor-post__thumbnail__link\" href=\"https:\/\/panmaktravel.gr\/de\/exkursion-arachova-delfoi\/\" tabindex=\"-1\" ><div class=\"elementor-post__thumbnail\"><img decoding=\"async\" width=\"800\" height=\"600\" src=\"https:\/\/panmaktravel.gr\/wp-content\/uploads\/2024\/01\/delfoi.jpg\" class=\"attachment-1536x1536 size-1536x1536 wp-image-1735\" alt=\"\" srcset=\"https:\/\/panmaktravel.gr\/wp-content\/uploads\/2024\/01\/delfoi.jpg 800w, https:\/\/panmaktravel.gr\/wp-content\/uploads\/2024\/01\/delfoi-300x225.jpg 300w, https:\/\/panmaktravel.gr\/wp-content\/uploads\/2024\/01\/delfoi-768x576.jpg 768w\" sizes=\"(max-width: 800px) 100vw, 800px\" \/><\/div><\/a>\n\t\t\t\t<div class=\"elementor-post__text\">\n\t\t\t\t<h3 class=\"elementor-post__title\">\n\t\t\t<a href=\"https:\/\/panmaktravel.gr\/de\/exkursion-arachova-delfoi\/\" >\n\t\t\t\tExkursion Arachova-Delfoi\t\t\t<\/a>\n\t\t<\/h3>\n\t\t\t\t<div class=\"elementor-post__excerpt\">\n\t\t\t<p>Besuch von Delphi, der Mythologie zufolge dem Nabel der Erde, wo sich die arch\u00e4ologische St\u00e4tte und das ber\u00fchmteste Orakel des antiken Griechenlands befindet. Das Heiligtum<\/p>\n\t\t<\/div>\n\t\t\t\t\t<div class=\"elementor-post__read-more-wrapper\">\n\t\t\n\t\t<a class=\"elementor-post__read-more\" href=\"https:\/\/panmaktravel.gr\/de\/exkursion-arachova-delfoi\/\" aria-label=\"Read more about Exkursion Arachova-Delfoi\" tabindex=\"-1\" >\n\t\t\tmehr lesen \u00bb\t\t<\/a>\n\n\t\t\t\t\t<\/div>\n\t\t\t\t<\/div>\n\t\t\t\t\t<\/div>\n\t\t<\/article>\n\t\t\t\t<article class=\"elementor-post elementor-grid-item post-1737 post type-post status-publish format-standard has-post-thumbnail hentry category-unkategorisiert\">\n\t\t\t<div class=\"elementor-post__card\">\n\t\t\t\t<a class=\"elementor-post__thumbnail__link\" href=\"https:\/\/panmaktravel.gr\/de\/exkursion-nach-meteora\/\" tabindex=\"-1\" ><div class=\"elementor-post__thumbnail\"><img loading=\"lazy\" decoding=\"async\" width=\"800\" height=\"600\" src=\"https:\/\/panmaktravel.gr\/wp-content\/uploads\/2024\/01\/meteora.jpg\" class=\"attachment-1536x1536 size-1536x1536 wp-image-1738\" alt=\"\" srcset=\"https:\/\/panmaktravel.gr\/wp-content\/uploads\/2024\/01\/meteora.jpg 800w, https:\/\/panmaktravel.gr\/wp-content\/uploads\/2024\/01\/meteora-300x225.jpg 300w, https:\/\/panmaktravel.gr\/wp-content\/uploads\/2024\/01\/meteora-768x576.jpg 768w\" sizes=\"(max-width: 800px) 100vw, 800px\" \/><\/div><\/a>\n\t\t\t\t<div class=\"elementor-post__text\">\n\t\t\t\t<h3 class=\"elementor-post__title\">\n\t\t\t<a href=\"https:\/\/panmaktravel.gr\/de\/exkursion-nach-meteora\/\" >\n\t\t\t\tExkursion nach Meteora\t\t\t<\/a>\n\t\t<\/h3>\n\t\t\t\t<div class=\"elementor-post__excerpt\">\n\t\t\t<p>Meteora ist eine Ansammlung von riesigen pal\u00e4olithischen Felsen, die \u00fcber 600 Meter hoch sind und eine der wichtigsten Klostergemeinschaften Griechenlands beherbergen. Meteora ist ein einzigartiges<\/p>\n\t\t<\/div>\n\t\t\t\t\t<div class=\"elementor-post__read-more-wrapper\">\n\t\t\n\t\t<a class=\"elementor-post__read-more\" href=\"https:\/\/panmaktravel.gr\/de\/exkursion-nach-meteora\/\" aria-label=\"Read more about Exkursion nach Meteora\" tabindex=\"-1\" >\n\t\t\tmehr lesen \u00bb\t\t<\/a>\n\n\t\t\t\t\t<\/div>\n\t\t\t\t<\/div>\n\t\t\t\t\t<\/div>\n\t\t<\/article>\n\t\t\t\t<article class=\"elementor-post elementor-grid-item post-1740 post type-post status-publish format-standard has-post-thumbnail hentry category-unkategorisiert\">\n\t\t\t<div class=\"elementor-post__card\">\n\t\t\t\t<a class=\"elementor-post__thumbnail__link\" href=\"https:\/\/panmaktravel.gr\/de\/exkursion-nach-monemvasia\/\" tabindex=\"-1\" ><div class=\"elementor-post__thumbnail\"><img loading=\"lazy\" decoding=\"async\" width=\"800\" height=\"600\" src=\"https:\/\/panmaktravel.gr\/wp-content\/uploads\/2024\/01\/monembasia.jpg\" class=\"attachment-1536x1536 size-1536x1536 wp-image-1741\" alt=\"\" srcset=\"https:\/\/panmaktravel.gr\/wp-content\/uploads\/2024\/01\/monembasia.jpg 800w, https:\/\/panmaktravel.gr\/wp-content\/uploads\/2024\/01\/monembasia-300x225.jpg 300w, https:\/\/panmaktravel.gr\/wp-content\/uploads\/2024\/01\/monembasia-768x576.jpg 768w\" sizes=\"(max-width: 800px) 100vw, 800px\" \/><\/div><\/a>\n\t\t\t\t<div class=\"elementor-post__text\">\n\t\t\t\t<h3 class=\"elementor-post__title\">\n\t\t\t<a href=\"https:\/\/panmaktravel.gr\/de\/exkursion-nach-monemvasia\/\" >\n\t\t\t\tExkursion nach Monemvasia\t\t\t<\/a>\n\t\t<\/h3>\n\t\t\t\t<div class=\"elementor-post__excerpt\">\n\t\t\t<p>Besuch der Burg auf dem Felsen von Monemvasia, die durch eine 400 m lange Br\u00fccke mit der heutigen Stadt verbunden ist. Monemvasia ist eine kleine<\/p>\n\t\t<\/div>\n\t\t\t\t\t<div class=\"elementor-post__read-more-wrapper\">\n\t\t\n\t\t<a class=\"elementor-post__read-more\" href=\"https:\/\/panmaktravel.gr\/de\/exkursion-nach-monemvasia\/\" aria-label=\"Read more about Exkursion nach Monemvasia\" tabindex=\"-1\" >\n\t\t\tmehr lesen \u00bb\t\t<\/a>\n\n\t\t\t\t\t<\/div>\n\t\t\t\t<\/div>\n\t\t\t\t\t<\/div>\n\t\t<\/article>\n\t\t\t\t<\/div>\n\t\t\n\t\t\t\t\t\t<\/div>\n\t\t\t\t<\/div>\n\t\t\t\t\t<\/div>\n\t\t\t\t<\/div>\n\t\t<div class=\"elementor-element elementor-element-28e299ce e-flex e-con-boxed e-con e-parent\" data-id=\"28e299ce\" data-element_type=\"container\" data-settings=\"{&quot;ekit_has_onepagescroll_dot&quot;:&quot;yes&quot;}\">\n\t\t\t\t\t<div class=\"e-con-inner\">\n\t\t\t\t<div class=\"elementor-element elementor-element-209809af elementor-align-right elementor-widget elementor-widget-button\" data-id=\"209809af\" data-element_type=\"widget\" data-settings=\"{&quot;ekit_we_effect_on&quot;:&quot;none&quot;}\" data-widget_type=\"button.default\">\n\t\t\t\t<div class=\"elementor-widget-container\">\n\t\t\t\t\t\t\t\t\t<div class=\"elementor-button-wrapper\">\n\t\t\t\t\t<a class=\"elementor-button elementor-button-link elementor-size-lg\" href=\"https:\/\/panmaktravel.gr\/de\/\">\n\t\t\t\t\t\t<span class=\"elementor-button-content-wrapper\">\n\t\t\t\t\t\t<span class=\"elementor-button-icon\">\n\t\t\t\t<i aria-hidden=\"true\" class=\"icon icon-left-arrow2\"><\/i>\t\t\t<\/span>\n\t\t\t\t\t\t\t\t\t<span class=\"elementor-button-text\">Nach Hause zur\u00fcckkehren<\/span>\n\t\t\t\t\t<\/span>\n\t\t\t\t\t<\/a>\n\t\t\t\t<\/div>\n\t\t\t\t\t\t\t\t<\/div>\n\t\t\t\t<\/div>\n\t\t\t\t\t<\/div>\n\t\t\t\t<\/div>\n\t\t\t\t<\/div>\n\t\t","protected":false},"excerpt":{"rendered":"<p>Nach Hause zur\u00fcckkehren<\/p>\n","protected":false},"author":1,"featured_media":0,"parent":0,"menu_order":0,"comment_status":"closed","ping_status":"closed","template":"","meta":{"site-sidebar-layout":"no-sidebar","site-content-layout":"","ast-site-content-layout":"full-width-container","site-content-style":"default","site-sidebar-style":"default","ast-global-header-display":"","ast-banner-title-visibility":"","ast-main-header-display":"","ast-hfb-above-header-display":"","ast-hfb-below-header-display":"","ast-hfb-mobile-header-display":"","site-post-title":"disabled","ast-breadcrumbs-content":"","ast-featured-img":"disabled","footer-sml-layout":"","theme-transparent-header-meta":"default","adv-header-id-meta":"","stick-header-meta":"","header-above-stick-meta":"","header-main-stick-meta":"","header-below-stick-meta":"","astra-migrate-meta-layouts":"default","ast-page-background-enabled":"default","ast-page-background-meta":{"desktop":{"background-color":"var(--ast-global-color-4)","background-image":"","background-repeat":"repeat","background-position":"center center","background-size":"auto","background-attachment":"scroll","background-type":"","background-media":"","overlay-type":"","overlay-color":"","overlay-gradient":""},"tablet":{"background-color":"","background-image":"","background-repeat":"repeat","background-position":"center center","background-size":"auto","background-attachment":"scroll","background-type":"","background-media":"","overlay-type":"","overlay-color":"","overlay-gradient":""},"mobile":{"background-color":"","background-image":"","background-repeat":"repeat","background-position":"center center","background-size":"auto","background-attachment":"scroll","background-type":"","background-media":"","overlay-type":"","overlay-color":"","overlay-gradient":""}},"ast-content-background-meta":{"desktop":{"background-color":"var(--ast-global-color-5)","background-image":"","background-repeat":"repeat","background-position":"center center","background-size":"auto","background-attachment":"scroll","background-type":"","background-media":"","overlay-type":"","overlay-color":"","overlay-gradient":""},"tablet":{"background-color":"var(--ast-global-color-5)","background-image":"","background-repeat":"repeat","background-position":"center center","background-size":"auto","background-attachment":"scroll","background-type":"","background-media":"","overlay-type":"","overlay-color":"","overlay-gradient":""},"mobile":{"background-color":"var(--ast-global-color-5)","background-image":"","background-repeat":"repeat","background-position":"center center","background-size":"auto","background-attachment":"scroll","background-type":"","background-media":"","overlay-type":"","overlay-color":"","overlay-gradient":""}},"footnotes":""},"class_list":["post-1724","page","type-page","status-publish","hentry"],"_links":{"self":[{"href":"https:\/\/panmaktravel.gr\/de\/wp-json\/wp\/v2\/pages\/1724","targetHints":{"allow":["GET"]}}],"collection":[{"href":"https:\/\/panmaktravel.gr\/de\/wp-json\/wp\/v2\/pages"}],"about":[{"href":"https:\/\/panmaktravel.gr\/de\/wp-json\/wp\/v2\/types\/page"}],"author":[{"embeddable":true,"href":"https:\/\/panmaktravel.gr\/de\/wp-json\/wp\/v2\/users\/1"}],"replies":[{"embeddable":true,"href":"https:\/\/panmaktravel.gr\/de\/wp-json\/wp\/v2\/comments?post=1724"}],"version-history":[{"count":17,"href":"https:\/\/panmaktravel.gr\/de\/wp-json\/wp\/v2\/pages\/1724\/revisions"}],"predecessor-version":[{"id":2471,"href":"https:\/\/panmaktravel.gr\/de\/wp-json\/wp\/v2\/pages\/1724\/revisions\/2471"}],"wp:attachment":[{"href":"https:\/\/panmaktravel.gr\/de\/wp-json\/wp\/v2\/media?parent=1724"}],"curies":[{"name":"wp","href":"https:\/\/api.w.org\/{rel}","templated":true}]}}